{"id":1606,"date":"2023-02-15T18:41:10","date_gmt":"2023-02-15T23:41:10","guid":{"rendered":"https:\/\/dessinemoiunbiscuit.com\/?post_type=product&#038;p=1606"},"modified":"2023-02-15T18:43:53","modified_gmt":"2023-02-15T23:43:53","slug":"christmas-star-cookie-cutter","status":"publish","type":"product","link":"https:\/\/dessinemoiunbiscuit.com\/en\/shop\/christmas-star-cookie-cutter\/","title":{"rendered":"Christmas Star cookie cutter"},"content":{"rendered":"<p>[et_pb_section fb_built=&#8221;1&#8243; _builder_version=&#8221;4.16&#8243; custom_padding=&#8221;0px||||false|false&#8221; global_colors_info=&#8221;{}&#8221;][et_pb_row _builder_version=&#8221;4.16&#8243; background_size=&#8221;initial&#8221; background_position=&#8221;top_left&#8221; background_repeat=&#8221;repeat&#8221; width=&#8221;100%&#8221; custom_padding=&#8221;0px||0px||false|false&#8221; global_colors_info=&#8221;{}&#8221;][et_pb_column type=&#8221;4_4&#8243; _builder_version=&#8221;4.16&#8243; custom_padding=&#8221;|||&#8221; global_colors_info=&#8221;{}&#8221; custom_padding__hover=&#8221;|||&#8221;][et_pb_text _builder_version=&#8221;4.19.4&#8243; _module_preset=&#8221;default&#8221; global_colors_info=&#8221;{}&#8221;]<\/p>\n<p><span><span><span><a href=\"https:\/\/dessinemoiunbiscuit.com\/en\/\">Home<\/a><\/span><\/span><\/span><\/p>\n<p>[\/et_pb_text][et_pb_wc_cart_notice _builder_version=&#8221;4.16&#8243; global_colors_info=&#8221;{}&#8221;][\/et_pb_wc_cart_notice][\/et_pb_column][\/et_pb_row][et_pb_row column_structure=&#8221;1_2,1_2&#8243; _builder_version=&#8221;4.16&#8243; background_size=&#8221;initial&#8221; background_position=&#8221;top_left&#8221; background_repeat=&#8221;repeat&#8221; width=&#8221;100%&#8221; custom_padding=&#8221;0px||||false|false&#8221; global_colors_info=&#8221;{}&#8221;][et_pb_column type=&#8221;1_2&#8243; _builder_version=&#8221;4.16&#8243; custom_padding=&#8221;|||&#8221; global_colors_info=&#8221;{}&#8221; custom_padding__hover=&#8221;|||&#8221;][et_pb_wc_images _builder_version=&#8221;4.16&#8243; global_colors_info=&#8221;{}&#8221;][\/et_pb_wc_images][\/et_pb_column][et_pb_column type=&#8221;1_2&#8243; _builder_version=&#8221;4.16&#8243; custom_padding=&#8221;|||&#8221; global_colors_info=&#8221;{}&#8221; custom_padding__hover=&#8221;|||&#8221;][et_pb_wc_title _builder_version=&#8221;4.16&#8243; global_colors_info=&#8221;{}&#8221;][\/et_pb_wc_title][et_pb_wc_rating _builder_version=&#8221;4.16&#8243; global_colors_info=&#8221;{}&#8221;][\/et_pb_wc_rating][et_pb_wc_price _builder_version=&#8221;4.16&#8243; global_colors_info=&#8221;{}&#8221;][\/et_pb_wc_price][et_pb_wc_description _builder_version=&#8221;4.16&#8243; global_colors_info=&#8221;{}&#8221;][\/et_pb_wc_description][et_pb_wc_add_to_cart _builder_version=&#8221;4.16&#8243; global_colors_info=&#8221;{}&#8221;][\/et_pb_wc_add_to_cart][et_pb_wc_meta _builder_version=&#8221;4.16&#8243; global_colors_info=&#8221;{}&#8221;][\/et_pb_wc_meta][et_pb_wc_tabs include_tabs=&#8221;description|additional_information|&#8221; _builder_version=&#8221;4.19.4&#8243; _module_preset=&#8221;default&#8221; global_colors_info=&#8221;{}&#8221;][\/et_pb_wc_tabs][\/et_pb_column][\/et_pb_row][et_pb_row _builder_version=&#8221;4.16&#8243; background_size=&#8221;initial&#8221; background_position=&#8221;top_left&#8221; background_repeat=&#8221;repeat&#8221; width=&#8221;100%&#8221; global_colors_info=&#8221;{}&#8221;][et_pb_column type=&#8221;4_4&#8243; _builder_version=&#8221;4.16&#8243; custom_padding=&#8221;|||&#8221; global_colors_info=&#8221;{}&#8221; custom_padding__hover=&#8221;|||&#8221;][et_pb_wc_upsells _builder_version=&#8221;4.16&#8243; global_colors_info=&#8221;{}&#8221;][\/et_pb_wc_upsells][et_pb_wc_related_products _builder_version=&#8221;4.16&#8243; global_colors_info=&#8221;{}&#8221;][\/et_pb_wc_related_products][\/et_pb_column][\/et_pb_row][\/et_pb_section]<\/p>\n","protected":false},"excerpt":{"rendered":"<p>Several choices are available to you <strong>to personalize your cookie cutter.<br \/>\n<\/strong><br \/>\n<strong>First choose the size<\/strong> (small, medium or large). Then choose whether you want it <strong>with or without an outline shape<\/strong> (square, round, rectangle, oval, star).<\/p>\n","protected":false},"featured_media":1611,"template":"","meta":{"_et_pb_use_builder":"on","_et_pb_old_content":"Nos emporte-pi\u00e8ces <strong>sont fabriqu\u00e9s localement \u00e0 Montr\u00e9al<\/strong> \u00e0 partir de PLA alimentaire. Le PLA est un bioplastique fait \u00e0 partir d\u2019amidon de ma\u00efs, de betterave ou de riz. Sans p\u00e9trole, nous pouvons donc affirmer que c\u2019est un mat\u00e9riau \u00e9cologique et biod\u00e9gradable.\r\n\r\n<strong>Chaque commande est faite sur mesure.<\/strong> Notre service de contr\u00f4le qualit\u00e9 s\u2019assure que les emporte-pi\u00e8ces sont conformes.\r\n\r\nLaissez aller votre imagination et votre cr\u00e9ativit\u00e9 avec nos emporte-pi\u00e8ces 100% personnalisables.\r\n\r\n<strong>Conseils d'entretien :<\/strong>\r\n\r\nLes emporte-pi\u00e8ces ne sont pas faits pour aller au lave-vaisselle et ni au four.\r\nPour les laver, utilisez une \u00e9ponge et de l\u2019eau comme n\u2019importe quel \u00e9l\u00e9ment de la cuisine qui ne va pas au lave-vaisselle.","_et_gb_content_width":""},"product_brand":[],"product_cat":[92],"product_tag":[],"class_list":{"0":"post-1606","1":"product","2":"type-product","3":"status-publish","4":"has-post-thumbnail","6":"product_cat-christmas","8":"first","9":"instock","10":"taxable","11":"shipping-taxable","12":"purchasable","13":"product-type-variable"},"yoast_head":"<!-- This site is optimized with the Yoast SEO plugin v27.0 - https:\/\/yoast.com\/product\/yoast-seo-wordpress\/ -->\n<title>Christmas Star cookie cutter made in Montreal - Dessine-moi un biscuit<\/title>\n<meta name=\"description\" content=\"Discover our customizable cookie cutters made locally in Quebec, in Montreal. Customize the size, shape and text (message, first name, date, etc.)\" \/>\n<meta name=\"robots\" content=\"index, follow, max-snippet:-1, max-image-preview:large, max-video-preview:-1\" \/>\n<link rel=\"canonical\" href=\"https:\/\/dessinemoiunbiscuit.com\/en\/shop\/christmas-star-cookie-cutter\/\" \/>\n<meta property=\"og:locale\" content=\"en_US\" \/>\n<meta property=\"og:type\" content=\"article\" \/>\n<meta property=\"og:title\" content=\"Christmas Star cookie cutter made in Montreal - Dessine-moi un biscuit\" \/>\n<meta property=\"og:description\" content=\"Discover our customizable cookie cutters made locally in Quebec, in Montreal. Customize the size, shape and text (message, first name, date, etc.)\" \/>\n<meta property=\"og:url\" content=\"https:\/\/dessinemoiunbiscuit.com\/en\/shop\/christmas-star-cookie-cutter\/\" \/>\n<meta property=\"og:site_name\" content=\"Dessine-moi un biscuit\" \/>\n<meta property=\"article:modified_time\" content=\"2023-02-15T23:43:53+00:00\" \/>\n<meta property=\"og:image\" content=\"https:\/\/dessinemoiunbiscuit.com\/wp-content\/uploads\/2023\/02\/MONTAGE_ETOILE_FORMES.jpg\" \/>\n\t<meta property=\"og:image:width\" content=\"800\" \/>\n\t<meta property=\"og:image:height\" content=\"800\" \/>\n\t<meta property=\"og:image:type\" content=\"image\/jpeg\" \/>\n<meta name=\"twitter:card\" content=\"summary_large_image\" \/>\n<meta name=\"twitter:label1\" content=\"Est. reading time\" \/>\n\t<meta name=\"twitter:data1\" content=\"1 minute\" \/>\n<script type=\"application\/ld+json\" class=\"yoast-schema-graph\">{\"@context\":\"https:\/\/schema.org\",\"@graph\":[{\"@type\":\"WebPage\",\"@id\":\"https:\/\/dessinemoiunbiscuit.com\/en\/shop\/christmas-star-cookie-cutter\/\",\"url\":\"https:\/\/dessinemoiunbiscuit.com\/en\/shop\/christmas-star-cookie-cutter\/\",\"name\":\"Christmas Star cookie cutter made in Montreal - Dessine-moi un biscuit\",\"isPartOf\":{\"@id\":\"https:\/\/dessinemoiunbiscuit.com\/en\/#website\"},\"primaryImageOfPage\":{\"@id\":\"https:\/\/dessinemoiunbiscuit.com\/en\/shop\/christmas-star-cookie-cutter\/#primaryimage\"},\"image\":{\"@id\":\"https:\/\/dessinemoiunbiscuit.com\/en\/shop\/christmas-star-cookie-cutter\/#primaryimage\"},\"thumbnailUrl\":\"https:\/\/dessinemoiunbiscuit.com\/wp-content\/uploads\/2023\/02\/MONTAGE_ETOILE_FORMES.jpg\",\"datePublished\":\"2023-02-15T23:41:10+00:00\",\"dateModified\":\"2023-02-15T23:43:53+00:00\",\"description\":\"Discover our customizable cookie cutters made locally in Quebec, in Montreal. Customize the size, shape and text (message, first name, date, etc.)\",\"breadcrumb\":{\"@id\":\"https:\/\/dessinemoiunbiscuit.com\/en\/shop\/christmas-star-cookie-cutter\/#breadcrumb\"},\"inLanguage\":\"en-US\",\"potentialAction\":[{\"@type\":\"ReadAction\",\"target\":[\"https:\/\/dessinemoiunbiscuit.com\/en\/shop\/christmas-star-cookie-cutter\/\"]}]},{\"@type\":\"ImageObject\",\"inLanguage\":\"en-US\",\"@id\":\"https:\/\/dessinemoiunbiscuit.com\/en\/shop\/christmas-star-cookie-cutter\/#primaryimage\",\"url\":\"https:\/\/dessinemoiunbiscuit.com\/wp-content\/uploads\/2023\/02\/MONTAGE_ETOILE_FORMES.jpg\",\"contentUrl\":\"https:\/\/dessinemoiunbiscuit.com\/wp-content\/uploads\/2023\/02\/MONTAGE_ETOILE_FORMES.jpg\",\"width\":800,\"height\":800},{\"@type\":\"BreadcrumbList\",\"@id\":\"https:\/\/dessinemoiunbiscuit.com\/en\/shop\/christmas-star-cookie-cutter\/#breadcrumb\",\"itemListElement\":[{\"@type\":\"ListItem\",\"position\":1,\"name\":\"Home\",\"item\":\"https:\/\/dessinemoiunbiscuit.com\/en\/\"},{\"@type\":\"ListItem\",\"position\":2,\"name\":\"Shop\",\"item\":\"https:\/\/dessinemoiunbiscuit.com\/en\/shop\/\"},{\"@type\":\"ListItem\",\"position\":3,\"name\":\"Christmas Star cookie cutter\"}]},{\"@type\":\"WebSite\",\"@id\":\"https:\/\/dessinemoiunbiscuit.com\/en\/#website\",\"url\":\"https:\/\/dessinemoiunbiscuit.com\/en\/\",\"name\":\"Dessine-moi un biscuit\",\"description\":\"\",\"potentialAction\":[{\"@type\":\"SearchAction\",\"target\":{\"@type\":\"EntryPoint\",\"urlTemplate\":\"https:\/\/dessinemoiunbiscuit.com\/en\/?s={search_term_string}\"},\"query-input\":{\"@type\":\"PropertyValueSpecification\",\"valueRequired\":true,\"valueName\":\"search_term_string\"}}],\"inLanguage\":\"en-US\"}]}<\/script>\n<!-- \/ Yoast SEO plugin. -->","yoast_head_json":{"title":"Christmas Star cookie cutter made in Montreal - Dessine-moi un biscuit","description":"Discover our customizable cookie cutters made locally in Quebec, in Montreal. Customize the size, shape and text (message, first name, date, etc.)","robots":{"index":"index","follow":"follow","max-snippet":"max-snippet:-1","max-image-preview":"max-image-preview:large","max-video-preview":"max-video-preview:-1"},"canonical":"https:\/\/dessinemoiunbiscuit.com\/en\/shop\/christmas-star-cookie-cutter\/","og_locale":"en_US","og_type":"article","og_title":"Christmas Star cookie cutter made in Montreal - Dessine-moi un biscuit","og_description":"Discover our customizable cookie cutters made locally in Quebec, in Montreal. Customize the size, shape and text (message, first name, date, etc.)","og_url":"https:\/\/dessinemoiunbiscuit.com\/en\/shop\/christmas-star-cookie-cutter\/","og_site_name":"Dessine-moi un biscuit","article_modified_time":"2023-02-15T23:43:53+00:00","og_image":[{"width":800,"height":800,"url":"https:\/\/dessinemoiunbiscuit.com\/wp-content\/uploads\/2023\/02\/MONTAGE_ETOILE_FORMES.jpg","type":"image\/jpeg"}],"twitter_card":"summary_large_image","twitter_misc":{"Est. reading time":"1 minute"},"schema":{"@context":"https:\/\/schema.org","@graph":[{"@type":"WebPage","@id":"https:\/\/dessinemoiunbiscuit.com\/en\/shop\/christmas-star-cookie-cutter\/","url":"https:\/\/dessinemoiunbiscuit.com\/en\/shop\/christmas-star-cookie-cutter\/","name":"Christmas Star cookie cutter made in Montreal - Dessine-moi un biscuit","isPartOf":{"@id":"https:\/\/dessinemoiunbiscuit.com\/en\/#website"},"primaryImageOfPage":{"@id":"https:\/\/dessinemoiunbiscuit.com\/en\/shop\/christmas-star-cookie-cutter\/#primaryimage"},"image":{"@id":"https:\/\/dessinemoiunbiscuit.com\/en\/shop\/christmas-star-cookie-cutter\/#primaryimage"},"thumbnailUrl":"https:\/\/dessinemoiunbiscuit.com\/wp-content\/uploads\/2023\/02\/MONTAGE_ETOILE_FORMES.jpg","datePublished":"2023-02-15T23:41:10+00:00","dateModified":"2023-02-15T23:43:53+00:00","description":"Discover our customizable cookie cutters made locally in Quebec, in Montreal. Customize the size, shape and text (message, first name, date, etc.)","breadcrumb":{"@id":"https:\/\/dessinemoiunbiscuit.com\/en\/shop\/christmas-star-cookie-cutter\/#breadcrumb"},"inLanguage":"en-US","potentialAction":[{"@type":"ReadAction","target":["https:\/\/dessinemoiunbiscuit.com\/en\/shop\/christmas-star-cookie-cutter\/"]}]},{"@type":"ImageObject","inLanguage":"en-US","@id":"https:\/\/dessinemoiunbiscuit.com\/en\/shop\/christmas-star-cookie-cutter\/#primaryimage","url":"https:\/\/dessinemoiunbiscuit.com\/wp-content\/uploads\/2023\/02\/MONTAGE_ETOILE_FORMES.jpg","contentUrl":"https:\/\/dessinemoiunbiscuit.com\/wp-content\/uploads\/2023\/02\/MONTAGE_ETOILE_FORMES.jpg","width":800,"height":800},{"@type":"BreadcrumbList","@id":"https:\/\/dessinemoiunbiscuit.com\/en\/shop\/christmas-star-cookie-cutter\/#breadcrumb","itemListElement":[{"@type":"ListItem","position":1,"name":"Home","item":"https:\/\/dessinemoiunbiscuit.com\/en\/"},{"@type":"ListItem","position":2,"name":"Shop","item":"https:\/\/dessinemoiunbiscuit.com\/en\/shop\/"},{"@type":"ListItem","position":3,"name":"Christmas Star cookie cutter"}]},{"@type":"WebSite","@id":"https:\/\/dessinemoiunbiscuit.com\/en\/#website","url":"https:\/\/dessinemoiunbiscuit.com\/en\/","name":"Dessine-moi un biscuit","description":"","potentialAction":[{"@type":"SearchAction","target":{"@type":"EntryPoint","urlTemplate":"https:\/\/dessinemoiunbiscuit.com\/en\/?s={search_term_string}"},"query-input":{"@type":"PropertyValueSpecification","valueRequired":true,"valueName":"search_term_string"}}],"inLanguage":"en-US"}]}},"_links":{"self":[{"href":"https:\/\/dessinemoiunbiscuit.com\/en\/wp-json\/wp\/v2\/product\/1606","targetHints":{"allow":["GET"]}}],"collection":[{"href":"https:\/\/dessinemoiunbiscuit.com\/en\/wp-json\/wp\/v2\/product"}],"about":[{"href":"https:\/\/dessinemoiunbiscuit.com\/en\/wp-json\/wp\/v2\/types\/product"}],"wp:featuredmedia":[{"embeddable":true,"href":"https:\/\/dessinemoiunbiscuit.com\/en\/wp-json\/wp\/v2\/media\/1611"}],"wp:attachment":[{"href":"https:\/\/dessinemoiunbiscuit.com\/en\/wp-json\/wp\/v2\/media?parent=1606"}],"wp:term":[{"taxonomy":"product_brand","embeddable":true,"href":"https:\/\/dessinemoiunbiscuit.com\/en\/wp-json\/wp\/v2\/product_brand?post=1606"},{"taxonomy":"product_cat","embeddable":true,"href":"https:\/\/dessinemoiunbiscuit.com\/en\/wp-json\/wp\/v2\/product_cat?post=1606"},{"taxonomy":"product_tag","embeddable":true,"href":"https:\/\/dessinemoiunbiscuit.com\/en\/wp-json\/wp\/v2\/product_tag?post=1606"}],"curies":[{"name":"wp","href":"https:\/\/api.w.org\/{rel}","templated":true}]}}